{"id":2278,"date":"2018-02-16T16:30:53","date_gmt":"2018-02-16T15:30:53","guid":{"rendered":"https:\/\/www.a2b-immersions.com\/presentation\/"},"modified":"2018-09-21T17:25:14","modified_gmt":"2018-09-21T15:25:14","slug":"presentation","status":"publish","type":"page","link":"https:\/\/www.a2b-immersions.com\/es\/presentation\/","title":{"rendered":"Presentaci\u00f3n"},"content":{"rendered":"<h4><em><strong>A2B Immersions : \u00a0el especialista en Montpellier de la ense\u00f1anza del franc\u00e9s, tanto para particulares como para empresas<\/strong><\/em><\/h4>\n<p><a class=\"cboxElement\" title=\"Programa de un d\u00eda de formaci\u00f3n\" href=\"http:\/\/www.a2b-immersions.com\/wp-content\/uploads\/2012\/02\/ProgramaUnDiaFormacion.png\" rel=\"lightbox[5]\"><img loading=\"lazy\" class=\"alignright size-full wp-image-657\" title=\"Programa de un d\u00eda de formaci\u00f3n\" src=\"http:\/\/www.a2b-immersions.com\/wp-content\/uploads\/2012\/02\/ProgramaUnDiaFormacion.png\" alt=\"\" width=\"300\" height=\"430\" \/><\/a>Con la apertura de las fronteras y la globalizaci\u00f3n de los intercambios, conocer idiomas, es esencial tanto en el \u00e1mbito profesional como en el cultural.<\/p>\n<p>Ahora bien, el franc\u00e9s es considerado como uno de los idiomas m\u00e1s \u00fatiles en Europa y en el mundo!<\/p>\n<p><strong>Por esta raz\u00f3n, A2B Immersions le da la oportunidad de aprender franc\u00e9s de manera r\u00e1pida y eficaz sumergi\u00e9ndose durante varios d\u00edas en la lengua francesa. Combine clase est\u00e1ndar y talleres pedag\u00f3gicos.<\/strong><\/p>\n<h5>Nuestros cursos extensivos anuales<\/h5>\n<p>Proponemos una variedad de cursos en los que los alumnos pueden inscribirse a lo largo del a\u00f1o.<\/p>\n<ul>\n<li>Curso est\u00e1ndar<\/li>\n<li>Taller de conversaci\u00f3n<\/li>\n<li>Taller de fonetica<\/li>\n<li>Curso de gramatica<\/li>\n<li>Curso de preparaci\u00f3n a los ex\u00e1menes oficiales<\/li>\n<li>Clases particulares<\/li>\n<li>Curso intensivo<\/li>\n<li>Curso en empresa<\/li>\n<\/ul>\n<p>Todo ello en un ambiente distendido, aprendiendo y disfrutando. Aprenda el idioma franc\u00e9s descubriendo una de las regiones m\u00e1s bellas de Francia: el Languedoc Roussillon.<\/p>\n<p>Nuestra escuela, la combinaci\u00f3n perfecta entre eficiencia y placer. Tendr\u00e1n la oportunidad de a la gente francesa y su cultura.<\/p>\n<p class=\"texte-bleu\">\n","protected":false},"excerpt":{"rendered":"<p>A2B Immersions : \u00a0el especialista en Montpellier de la ense\u00f1anza del franc\u00e9s, tanto para particulares como para empresas Con la apertura de las fronteras y la globalizaci\u00f3n de los intercambios, conocer idiomas, es esencial tanto en el \u00e1mbito profesional como en el cultural. Ahora bien, el franc\u00e9s es considerado como uno de los idiomas m\u00e1s&hellip;<\/p>\n","protected":false},"author":1,"featured_media":0,"parent":0,"menu_order":2,"comment_status":"closed","ping_status":"closed","template":"","meta":[],"_links":{"self":[{"href":"https:\/\/www.a2b-immersions.com\/es\/wp-json\/wp\/v2\/pages\/2278"}],"collection":[{"href":"https:\/\/www.a2b-immersions.com\/es\/wp-json\/wp\/v2\/pages"}],"about":[{"href":"https:\/\/www.a2b-immersions.com\/es\/wp-json\/wp\/v2\/types\/page"}],"author":[{"embeddable":true,"href":"https:\/\/www.a2b-immersions.com\/es\/wp-json\/wp\/v2\/users\/1"}],"replies":[{"embeddable":true,"href":"https:\/\/www.a2b-immersions.com\/es\/wp-json\/wp\/v2\/comments?post=2278"}],"version-history":[{"count":1,"href":"https:\/\/www.a2b-immersions.com\/es\/wp-json\/wp\/v2\/pages\/2278\/revisions"}],"predecessor-version":[{"id":2279,"href":"https:\/\/www.a2b-immersions.com\/es\/wp-json\/wp\/v2\/pages\/2278\/revisions\/2279"}],"wp:attachment":[{"href":"https:\/\/www.a2b-immersions.com\/es\/wp-json\/wp\/v2\/media?parent=2278"}],"curies":[{"name":"wp","href":"https:\/\/api.w.org\/{rel}","templated":true}]}}