{"id":2245,"date":"2018-02-16T16:32:00","date_gmt":"2018-02-16T15:32:00","guid":{"rendered":"https:\/\/www.a2b-immersions.com\/lequipe\/"},"modified":"2018-09-24T17:25:18","modified_gmt":"2018-09-24T15:25:18","slug":"lequipe","status":"publish","type":"page","link":"https:\/\/www.a2b-immersions.com\/es\/presentation\/lequipe\/","title":{"rendered":"Nuestro equipo"},"content":{"rendered":"<h4>La directora<\/h4>\n<div id=\"attachment_1435\" class=\"wp-caption alignleft\">\n<p>Anne abri\u00f3 la escuela A2B Immersions en Mayo 2012 despu\u00e9s de haber ense\u00f1ado durante m\u00e1s de 10 a\u00f1os en numerosas escuelas prestigiosas en Europa y en America Latina. Diplomada de un M\u00e1ster de Franc\u00e9s Lengua Extranjera de la Universidad Paul Valery de Montpellier, decidi\u00f3 abrir una escuela que le pareciera. A2B Immersions es una escuela familiar donde verdaderos v\u00ednculos se crean entre los alumnos y el equipo docente. La excelencia de los formadores y de las formaciones propuestas son primordial.<\/p>\n<p class=\"wp-caption-text\">Anne Bocquet<\/p>\n<\/div>\n<p>Anne abri\u00f3 la escuela A2B Immersions en Mayo 2012 despu\u00e9s de haber ense\u00f1ado durante m\u00e1s de 10 a\u00f1os en numerosas escuelas prestigiosas en Europa y en America Latina. Diplomada de un M\u00e1ster de Franc\u00e9s Lengua Extranjera de la Universidad Paul Valery de Montpellier, decidi\u00f3 abrir una escuela que le pareciera. A2B Immersions es una escuela familiar donde verdaderos v\u00ednculos se crean entre los alumnos y el equipo docente. La excelencia de los formadores y de las formaciones propuestas son primordial.<\/p>\n<h4>El equipo de profesores<\/h4>\n<div id=\"attachment_1427\" class=\"wp-caption alignleft\">\n<p><a class=\"cboxElement\" title=\"Jean-Philippe\" href=\"http:\/\/www.a2b-immersions.com\/wp-content\/uploads\/2014\/05\/1053_40813716639_6956_n.jpg\" rel=\"lightbox[1418]\"><img loading=\"lazy\" class=\"size-thumbnail wp-image-1427\" title=\"Jean-Philippe\" src=\"http:\/\/www.a2b-immersions.com\/wp-content\/uploads\/2014\/05\/1053_40813716639_6956_n-150x150.jpg\" alt=\"\" width=\"150\" height=\"150\" \/><\/a><\/p>\n<p class=\"wp-caption-text\">Jean-Philippe Dersoir<\/p>\n<\/div>\n<p>Jean-Philippe ense\u00f1a el franc\u00e9s desde hace m\u00e1s de 10 a\u00f1os. Titulado de tres Masters en\u00a0 Lenguas, Franc\u00e9s lenguas extranjeras y Director art\u00edstico de proyecto cultural, Jean-Philippe sabe como llamar la atenci\u00f3n de sus alumnos y su recorrido internacional le hace muy popular.<\/p>\n<p>&nbsp;<\/p>\n<p>&nbsp;<\/p>\n<p>&nbsp;<\/p>\n<p>&nbsp;<\/p>\n<p>&nbsp;<\/p>\n<p>&nbsp;<\/p>\n<div id=\"attachment_1428\" class=\"wp-caption alignleft\">\n<p><a class=\"cboxElement\" title=\"Laure\" href=\"http:\/\/www.a2b-immersions.com\/wp-content\/uploads\/2014\/05\/558152_10150683184365816_1275099706_n.jpg\" rel=\"lightbox[1418]\"><img loading=\"lazy\" class=\"size-thumbnail wp-image-1428\" title=\"Laure\" src=\"http:\/\/www.a2b-immersions.com\/wp-content\/uploads\/2014\/05\/558152_10150683184365816_1275099706_n-150x150.jpg\" alt=\"\" width=\"150\" height=\"150\" \/><\/a><\/p>\n<p class=\"wp-caption-text\">Laure Chambon<\/p>\n<\/div>\n<p>Diplomada de un M\u00e1ster de Franc\u00e9s como Lengua Extranjera de la Universidad de Sorbonne en Paris, Laure ha ense\u00f1ado en numerosas estructuras de Franc\u00e9s lengua extranjera, especialmente en la Alianza Franc\u00e9s de Paris. A la vez profesora, formadora y coordinadora, tiene una visi\u00f3n completa de la ense\u00f1anza del franc\u00e9s y trabaja en A2B Immersions desde su creaci\u00f3n.<\/p>\n<p>&nbsp;<\/p>\n<p>&nbsp;<\/p>\n<p>&nbsp;<\/p>\n<div class=\"wp-caption alignleft\">\n<p><a class=\"cboxElement\" title=\"C\u00e9cile\" href=\"http:\/\/www.a2b-immersions.com\/wp-content\/uploads\/2014\/05\/Sans-titre.png\" rel=\"lightbox[1418]\"><img loading=\"lazy\" title=\"C\u00e9cile\" src=\"http:\/\/www.a2b-immersions.com\/wp-content\/uploads\/2014\/05\/Sans-titre-150x150.png\" alt=\"\" width=\"150\" height=\"150\" \/><\/a><\/p>\n<p class=\"wp-caption-text\">C\u00e9cile Henriel<\/p>\n<\/div>\n<p>Turqu\u00eda, Estados Unidos y Espa\u00f1a son los pa\u00edses en los que C\u00e9cile vivi\u00f3. Es una especialista en interculturalidad y tiene 20 a\u00f1os de experiencia en la ense\u00f1anza. Es una profesora de referencia.<\/p>\n<p>&nbsp;<\/p>\n<p>&nbsp;<\/p>\n<p>&nbsp;<\/p>\n<p>&nbsp;<\/p>\n<p>&nbsp;<\/p>\n<p>&nbsp;<\/p>\n<p>&nbsp;<\/p>\n<div id=\"attachment_1435\" class=\"wp-caption alignleft\">\n<p><a class=\"cboxElement\" title=\"Anne\" href=\"http:\/\/www.a2b-immersions.com\/wp-content\/uploads\/2014\/05\/374364_10150549159888228_1808941443_n1-e1401265434560.jpg\" rel=\"lightbox[1418]\"><img loading=\"lazy\" class=\"size-thumbnail wp-image-1435\" title=\"Anne\" src=\"http:\/\/www.a2b-immersions.com\/wp-content\/uploads\/2014\/05\/374364_10150549159888228_1808941443_n1-e1401265434560-150x150.jpg\" alt=\"\" width=\"150\" height=\"150\" \/><\/a><\/p>\n<p class=\"wp-caption-text\">Anne Bocquet<\/p>\n<\/div>\n<p>Anne es especializada en la ense\u00f1anza del Franc\u00e9s\u00a0 como lengua extranjera en inmersi\u00f3n. Ha trabajado con varios p\u00fablicos, especialmente profesionales y estudiantes. Pone el acento en la comunicaci\u00f3n y el intercambio.<\/p>\n<p>&nbsp;<\/p>\n","protected":false},"excerpt":{"rendered":"<p>La directora Anne abri\u00f3 la escuela A2B Immersions en Mayo 2012 despu\u00e9s de haber ense\u00f1ado durante m\u00e1s de 10 a\u00f1os en numerosas escuelas prestigiosas en Europa y en America Latina. Diplomada de un M\u00e1ster de Franc\u00e9s Lengua Extranjera de la Universidad Paul Valery de Montpellier, decidi\u00f3 abrir una escuela que le pareciera. A2B Immersions es&hellip;<\/p>\n","protected":false},"author":1,"featured_media":0,"parent":2278,"menu_order":2,"comment_status":"closed","ping_status":"closed","template":"template-team.php","meta":[],"_links":{"self":[{"href":"https:\/\/www.a2b-immersions.com\/es\/wp-json\/wp\/v2\/pages\/2245"}],"collection":[{"href":"https:\/\/www.a2b-immersions.com\/es\/wp-json\/wp\/v2\/pages"}],"about":[{"href":"https:\/\/www.a2b-immersions.com\/es\/wp-json\/wp\/v2\/types\/page"}],"author":[{"embeddable":true,"href":"https:\/\/www.a2b-immersions.com\/es\/wp-json\/wp\/v2\/users\/1"}],"replies":[{"embeddable":true,"href":"https:\/\/www.a2b-immersions.com\/es\/wp-json\/wp\/v2\/comments?post=2245"}],"version-history":[{"count":4,"href":"https:\/\/www.a2b-immersions.com\/es\/wp-json\/wp\/v2\/pages\/2245\/revisions"}],"predecessor-version":[{"id":2368,"href":"https:\/\/www.a2b-immersions.com\/es\/wp-json\/wp\/v2\/pages\/2245\/revisions\/2368"}],"up":[{"embeddable":true,"href":"https:\/\/www.a2b-immersions.com\/es\/wp-json\/wp\/v2\/pages\/2278"}],"wp:attachment":[{"href":"https:\/\/www.a2b-immersions.com\/es\/wp-json\/wp\/v2\/media?parent=2245"}],"curies":[{"name":"wp","href":"https:\/\/api.w.org\/{rel}","templated":true}]}}