{"id":2203,"date":"2018-03-06T15:32:13","date_gmt":"2018-03-06T14:32:13","guid":{"rendered":"https:\/\/www.a2b-immersions.com\/curso-de-frances\/cours-du-soir\/"},"modified":"2018-09-21T20:58:59","modified_gmt":"2018-09-21T18:58:59","slug":"cours-du-soir","status":"publish","type":"page","link":"https:\/\/www.a2b-immersions.com\/es\/curso-de-frances\/cours-du-soir\/","title":{"rendered":"Cursos de tarde\/noche"},"content":{"rendered":"<p>[vc_row][vc_column][vc_column_text]<\/p>\n<h2 style=\"text-align: center;\">Ganas de mejorar su franc\u00e9s ?<\/h2>\n<p style=\"text-align: center;\"><span style=\"font-size: 15pt;\">Los cursos extensivos son a menudo la mejor opci\u00f3n para mejorar rapidamente !<\/span><\/p>\n<p>[\/vc_column_text][vc_empty_space height=&#8221;60px&#8221;][\/vc_column][\/vc_row][vc_row][vc_column width=&#8221;1\/3&#8243;]<div class=\"aio-icon-component    style_2\"><div id=\"Info-box-wrap-7577\" class=\"aio-icon-box top-icon\" style=\"\"  ><div class=\"aio-icon-top\"><div class=\"ult-just-icon-wrapper  \"><div class=\"align-icon\" style=\"text-align:center;\">\n<div class=\"aio-icon none \"  style=\"color:#00859d;font-size:32px;display:inline-block;\">\n\t<i class=\"Defaults-group users\"><\/i>\n<\/div><\/div><\/div><\/div><div class=\"aio-icon-header\" ><h3 class=\"aio-icon-title ult-responsive\"  data-ultimate-target='#Info-box-wrap-7577 .aio-icon-title'  data-responsive-json-new='{\"font-size\":\"desktop:24px;\",\"line-height\":\"\"}'  style=\"color:#00859d;\">Los cursos extensivos se dirigen a un p\u00fablico diverso<\/h3><\/div> <!-- header --><div class=\"aio-icon-description ult-responsive\"  data-ultimate-target='#Info-box-wrap-7577 .aio-icon-description'  data-responsive-json-new='{\"font-size\":\"\",\"line-height\":\"\"}'  style=\"\">Que sea principiante porque acaba de llegar a Francia o usuario confirmado, los cursos extensivos le van a permitir mejorar y al mismo tiempo saber hacer en franc\u00e9s. Entonces podr\u00e1 integrarse m\u00e1s r\u00e1pidamente en su nuevo entorno.<\/div> <!-- description --><\/div> <!-- aio-icon-box --><\/div> <!-- aio-icon-component -->[\/vc_column][vc_column width=&#8221;1\/3&#8243;]<div class=\"aio-icon-component    style_2\"><div id=\"Info-box-wrap-5998\" class=\"aio-icon-box top-icon\" style=\"\"  ><div class=\"aio-icon-top\"><div class=\"ult-just-icon-wrapper  \"><div class=\"align-icon\" style=\"text-align:center;\">\n<div class=\"aio-icon none \"  style=\"color:#00859d;font-size:32px;display:inline-block;\">\n\t<i class=\"Defaults-clock-o\"><\/i>\n<\/div><\/div><\/div><\/div><div class=\"aio-icon-header\" ><h3 class=\"aio-icon-title ult-responsive\"  data-ultimate-target='#Info-box-wrap-5998 .aio-icon-title'  data-responsive-json-new='{\"font-size\":\"desktop:24px;\",\"line-height\":\"\"}'  style=\"color:#00859d;\">Horarios flexibles<\/h3><\/div> <!-- header --><div class=\"aio-icon-description ult-responsive\"  data-ultimate-target='#Info-box-wrap-5998 .aio-icon-description'  data-responsive-json-new='{\"font-size\":\"\",\"line-height\":\"\"}'  style=\"\">Dado que nuestro principal objetivo son los adultos y profesionales, proponemos horarios de tarde (hasta 20h30), pero tambi\u00e9n cursos temprano por la ma\u00f1ana y al mediod\u00eda.<\/div> <!-- description --><\/div> <!-- aio-icon-box --><\/div> <!-- aio-icon-component -->[\/vc_column][vc_column width=&#8221;1\/3&#8243;]<div class=\"aio-icon-component    style_2\"><div id=\"Info-box-wrap-5156\" class=\"aio-icon-box top-icon\" style=\"\"  ><div class=\"aio-icon-top\"><div class=\"ult-just-icon-wrapper  \"><div class=\"align-icon\" style=\"text-align:center;\">\n<div class=\"aio-icon none \"  style=\"color:#00859d;font-size:32px;display:inline-block;\">\n\t<i class=\"Defaults-thumbs-o-up\"><\/i>\n<\/div><\/div><\/div><\/div><div class=\"aio-icon-header\" ><h3 class=\"aio-icon-title ult-responsive\"  data-ultimate-target='#Info-box-wrap-5156 .aio-icon-title'  data-responsive-json-new='{\"font-size\":\"desktop:24px;\",\"line-height\":\"\"}'  style=\"color:#00859d;\">Precios atractivos<\/h3><\/div> <!-- header --><div class=\"aio-icon-description ult-responsive\"  data-ultimate-target='#Info-box-wrap-5156 .aio-icon-description'  data-responsive-json-new='{\"font-size\":\"\",\"line-height\":\"\"}'  style=\"\">No solo proponemos los precios menos caros del mercado pero queremos tambi\u00e9n estar solidarios ofreciendo un 15% de reducci\u00f3n m\u00e1s para nuestros alumnos que est\u00e1n buscando un empleo sino como a los estudiantes.<\/div> <!-- description --><\/div> <!-- aio-icon-box --><\/div> <!-- aio-icon-component -->[\/vc_column][\/vc_row][vc_row][vc_column]<div class=\"ult_pricing_table_wrap ult_info_table ult_design_5  ult-cs-gray  \">\n\t\t\t\t\t<div class=\"ult_pricing_table \" style=\" \"><div id=\"Info-table-wrap-5970\" class=\"ult_pricing_heading\" style=\"\">\n\t\t\t\t\t\t\t<h3 class=\"ult-responsive\"  data-ultimate-target='#Info-table-wrap-5970 h3'  data-responsive-json-new='{\"font-size\":\"\",\"line-height\":\"\"}'  style=\"font-weight:normal;\">CURSOS ESTANDARES EXTENSIVOS DE TARDE<\/h3><h5 class=\"ult-responsive\"  data-ultimate-target='#Info-table-wrap-5970 h5'  data-responsive-json-new='{\"font-size\":\"\",\"line-height\":\"\"}'  style=\"font-weight:normal;\">NIVELES DEL CECR<\/h5><\/div><!--ult_pricing_heading--><div id=\"info_table_features_wrap-4796\"  data-ultimate-target='#info_table_features_wrap-4796.ult_price_features'  data-responsive-json-new='{\"font-size\":\"\",\"line-height\":\"\"}'  class=\"ult-responsive ult_price_features\" style=\"font-weight:normal;\">\n\t\t\t\t\t\t\t<table style=\"border-collapse: collapse; width: 100%; height: 63px;\" border=\"1\">\n<tbody>\n<tr style=\"height: 22px;\">\n<td style=\"width: 16.6667%; text-align: center; height: 22px;\">A1<\/td>\n<td style=\"width: 16.6667%; text-align: center; height: 22px;\">A2<\/td>\n<td style=\"width: 16.6667%; text-align: center; height: 22px;\">B1<\/td>\n<td style=\"width: 16.6667%; height: 22px; text-align: center;\">B1+<\/td>\n<td style=\"width: 16.6667%; height: 22px; text-align: center;\">B2<\/td>\n<td style=\"width: 16.6667%; height: 22px; text-align: center;\">B2+\/C1<\/td>\n<\/tr>\n<tr style=\"height: 22px;\">\n<td style=\"width: 16.6667%; height: 22px; text-align: center;\">LUNES Y MIERCOLES\u00a0 de 17h A 18h30<\/td>\n<td style=\"width: 16.6667%; height: 22px; text-align: center;\">MARTES Y JUEVES<br \/>\nde 18h \u00e019h30<\/td>\n<td style=\"width: 16.6667%; height: 22px; text-align: center;\">LUNES Y MIERCOLES<br \/>\nde 18h30 \u00e020h<\/td>\n<td style=\"width: 16.6667%; height: 22px; text-align: center;\">MARTES Y JUEVES<br \/>\nde 18h30 \u00e020h<\/td>\n<td style=\"width: 16.6667%; height: 22px;\">\n<p style=\"text-align: center;\">LUNES Y MIERCOLES<br \/>\nde 18h30 \u00e020h<\/p>\n<\/td>\n<td style=\"width: 16.6667%; height: 22px;\">\n<p style=\"text-align: center;\"><strong><strong>\u00a0<\/strong><\/strong>LUNES Y MIERCOLES de 18h30 \u00e020h<\/p>\n<\/td>\n<\/tr>\n<\/tbody>\n<\/table>\n\n\t\t\t\t\t\t<\/div><!--ult_price_features--><div class=\"ult_clr\"><\/div>\n\t\t\t<\/div><!--pricing_table-->\n\t\t<\/div><!--pricing_table_wrap-->[\/vc_column][\/vc_row][vc_row][vc_column]<div class=\"ult_pricing_table_wrap ult_info_table ult_design_5  ult-cs-gray  \">\n\t\t\t\t\t<div class=\"ult_pricing_table \" style=\" \"><div id=\"Info-table-wrap-4467\" class=\"ult_pricing_heading\" style=\"\">\n\t\t\t\t\t\t\t<h3 class=\"ult-responsive\"  data-ultimate-target='#Info-table-wrap-4467 h3'  data-responsive-json-new='{\"font-size\":\"\",\"line-height\":\"\"}'  style=\"font-weight:normal;\">CURSO CON OBJETIVO ESPECIFICO<\/h3><h5 class=\"ult-responsive\"  data-ultimate-target='#Info-table-wrap-4467 h5'  data-responsive-json-new='{\"font-size\":\"\",\"line-height\":\"\"}'  style=\"font-weight:normal;\">NIVELES DEL CECR<\/h5><\/div><!--ult_pricing_heading--><div id=\"info_table_features_wrap-4271\"  data-ultimate-target='#info_table_features_wrap-4271.ult_price_features'  data-responsive-json-new='{\"font-size\":\"\",\"line-height\":\"\"}'  class=\"ult-responsive ult_price_features\" style=\"font-weight:normal;\">\n\t\t\t\t\t\t\t<table style=\"border-collapse: collapse; width: 100%;\" border=\"1\">\n<tbody>\n<tr>\n<td style=\"width: 33.3333%; text-align: center;\">PREPARACION DE DELF B2<\/td>\n<td style=\"width: 33.3333%; text-align: center;\">PREPARACION DE DALF C1<\/td>\n<td style=\"width: 33.3333%; text-align: center;\">PERFECCIONAMIENTO DEL ORAL<br \/>\n(fonetica y conversaci\u00f3n)<\/td>\n<\/tr>\n<tr>\n<td style=\"width: 33.3333%; text-align: center;\">sabado de 10h \u00e0 12h30<\/td>\n<td style=\"width: 33.3333%; text-align: center;\">sabado de 14h \u00e0 16h30<\/td>\n<td style=\"width: 33.3333%; text-align: center;\">viernes de 17h \u00e0 19h<\/td>\n<\/tr>\n<\/tbody>\n<\/table>\n\n\t\t\t\t\t\t<\/div><!--ult_price_features--><div class=\"ult_clr\"><\/div>\n\t\t\t<\/div><!--pricing_table-->\n\t\t<\/div><!--pricing_table_wrap-->[\/vc_column][\/vc_row]<\/p>\n","protected":false},"excerpt":{"rendered":"<p>[vc_row][vc_column][vc_column_text] Ganas de mejorar su franc\u00e9s ? Los cursos extensivos son a menudo la mejor opci\u00f3n para mejorar rapidamente ! [\/vc_column_text][vc_empty_space height=&#8221;60px&#8221;][\/vc_column][\/vc_row][vc_row][vc_column width=&#8221;1\/3&#8243;][\/vc_column][vc_column width=&#8221;1\/3&#8243;][\/vc_column][vc_column width=&#8221;1\/3&#8243;][\/vc_column][\/vc_row][vc_row][vc_column][\/vc_column][\/vc_row][vc_row][vc_column][\/vc_column][\/vc_row]<\/p>\n","protected":false},"author":1,"featured_media":0,"parent":2164,"menu_order":2,"comment_status":"closed","ping_status":"closed","template":"","meta":[],"_links":{"self":[{"href":"https:\/\/www.a2b-immersions.com\/es\/wp-json\/wp\/v2\/pages\/2203"}],"collection":[{"href":"https:\/\/www.a2b-immersions.com\/es\/wp-json\/wp\/v2\/pages"}],"about":[{"href":"https:\/\/www.a2b-immersions.com\/es\/wp-json\/wp\/v2\/types\/page"}],"author":[{"embeddable":true,"href":"https:\/\/www.a2b-immersions.com\/es\/wp-json\/wp\/v2\/users\/1"}],"replies":[{"embeddable":true,"href":"https:\/\/www.a2b-immersions.com\/es\/wp-json\/wp\/v2\/comments?post=2203"}],"version-history":[{"count":4,"href":"https:\/\/www.a2b-immersions.com\/es\/wp-json\/wp\/v2\/pages\/2203\/revisions"}],"predecessor-version":[{"id":2207,"href":"https:\/\/www.a2b-immersions.com\/es\/wp-json\/wp\/v2\/pages\/2203\/revisions\/2207"}],"up":[{"embeddable":true,"href":"https:\/\/www.a2b-immersions.com\/es\/wp-json\/wp\/v2\/pages\/2164"}],"wp:attachment":[{"href":"https:\/\/www.a2b-immersions.com\/es\/wp-json\/wp\/v2\/media?parent=2203"}],"curies":[{"name":"wp","href":"https:\/\/api.w.org\/{rel}","templated":true}]}}