{"id":2183,"date":"2018-03-06T15:31:26","date_gmt":"2018-03-06T14:31:26","guid":{"rendered":"https:\/\/www.a2b-immersions.com\/?page_id=2183"},"modified":"2021-05-12T17:00:15","modified_gmt":"2021-05-12T15:00:15","slug":"cours-intensifs","status":"publish","type":"page","link":"https:\/\/www.a2b-immersions.com\/es\/curso-de-frances\/cours-intensifs\/","title":{"rendered":"Cursos intensivos"},"content":{"rendered":"<p>[vc_row][vc_column]<div class=\"dt-fancy-separator h2-size title-color\" style=\"width: 100%;\"><div class=\"dt-fancy-title\"><span class=\"separator-holder separator-left\"><\/span>Cursos de corta duraci\u00f3n<span class=\"separator-holder separator-right\"><\/span><\/div><\/div>[vc_column_text]<\/p>\n<p style=\"text-align: center;\">DE 1 A 12 SEMANAS<\/p>\n<p>[\/vc_column_text][\/vc_column][\/vc_row][vc_row][vc_column width=&#8221;1\/2&#8243;][vc_column_text]<\/p>\n<div class=\"entry-content\">\n<p><strong>Curso est\u00e1ndar 10<\/strong><br \/>\n&#8211; m\u00e1ximo 8 estudiantes por clase<br \/>\n&#8211; 10 lecciones de 45 min de franc\u00e9s general por semanas<br \/>\n&#8211;\u00a0m\u00ednimo\u00a01 semana de curso<br \/>\n&#8211; para todos los niveles<br \/>\n&#8211; inicio de los cursos todos los lunes (excepto\u00a0los niveles debutante completo)<\/p>\n<p><em>90 euros la semana<\/em>.<\/p>\n<p><strong>Curso est\u00e1ndar 20<\/strong><br \/>\n&#8211; m\u00e1ximo 8 estudiantes por clase<br \/>\n&#8211; 20 lecciones de 45 min de franc\u00e9s general por semanas<br \/>\n&#8211;\u00a0m\u00ednimo\u00a01 semana de curso<br \/>\n&#8211; para todos los niveles<br \/>\n&#8211; horario alterno<br \/>\n&#8211; inicio de los cursos todos los lunes (excepto\u00a0los niveles debutante completo)<\/p>\n<p><em>154 euros la semana<\/em>.<\/p>\n<p><strong>Curso est\u00e1ndar 10 +\u00a0perfeccionamiento\u00a0del oral\/escrito<\/strong><br \/>\n&#8211; m\u00e1ximo 8 estudiantes por clase<br \/>\n&#8211; 10 lecciones de 45 min de franc\u00e9s general por semanas<br \/>\n&#8211; 5 lecciones de\u00a0perfeccionamiento\u00a0del oral\/escrito<br \/>\n&#8211;\u00a0m\u00ednimo\u00a01 semana de curso<br \/>\n&#8211; para todos los niveles<br \/>\n&#8211; inicio de los cursos todos los lunes (excepto\u00a0los niveles debutante completo)<\/p>\n<p><em>130 euros la semana<\/em><\/p>\n<\/div>\n<p>[\/vc_column_text][\/vc_column][vc_column width=&#8221;1\/2&#8243;][vc_column_text]<\/p>\n<div class=\"entry-content\">\n<p><strong>Curso\u00a0est\u00e1ndar \u00a0+ talleres culturales\/pedag\u00f3gicos<\/strong><br \/>\n&#8211; m\u00e1ximo 8 estudiantes por clase<br \/>\n&#8211; x lecciones de 45 min de franc\u00e9s general por semanas<br \/>\n&#8211; 1 taller de 6 horas de su\u00a0elecci\u00f3n<br \/>\n&#8211;\u00a0m\u00ednimo\u00a01 semana de curso<br \/>\n&#8211; para todos los niveles<br \/>\n&#8211; inicio de los cursos todos los lunes (excepto\u00a0los niveles debutante completo y perfeccionado)<\/p>\n<p><em>\u00a0+\/- 60 euros por taller<\/em><\/p>\n<p><i>Solo en Julio y Agosto<\/i><\/p>\n<p><strong>Curso combinado<\/strong><br \/>\nCurso est\u00e1ndar complementado con clases particulares y\/o talleres<\/p>\n<p>&#8211; elija el n\u00famero de clases particulares\u00a0: 5,10, 15, \u2026<br \/>\n&#8211; 1, 2, 3 talleres de su elecci\u00f3n por semana<br \/>\n&#8211; 15 lecciones de 45 min de franc\u00e9s general por semana<br \/>\n\u2013\u00a0m\u00ednimo\u00a01 semana de curso<br \/>\n&#8211; para todos los niveles<br \/>\n&#8211; horario alterno<br \/>\n&#8211; inicio de los cursos todos los lunes (excepto\u00a0los niveles debutante completo)<\/p>\n<\/div>\n<p>[\/vc_column_text][\/vc_column][\/vc_row][vc_row][vc_column]<style type=\"text\/css\" data-type=\"the7_shortcodes-inline-css\">#default-btn-baf0f6c86dfea0a86a5f3a5f3e21b76b.ico-right-side > i {\n  margin-right: 0px;\n  margin-left: 8px;\n}\n#default-btn-baf0f6c86dfea0a86a5f3a5f3e21b76b > i {\n  margin-right: 8px;\n}\n<\/style><div class=\"btn-align-center\"><a href=\"https:\/\/www.a2b-immersions.com\/inscription-devis\/comment-sinscrire\/\" class=\"default-btn-shortcode dt-btn dt-btn-m link-hover-off \" id=\"default-btn-baf0f6c86dfea0a86a5f3a5f3e21b76b\"><i class=\"fa icon-pencil\"><\/i><span>Matricularse<\/span><\/a><\/div>[\/vc_column][\/vc_row][vc_row][vc_column][vc_empty_space height=&#8221;60px&#8221;][vc_icon icon_fontawesome=&#8221;fa fa-angle-double-down&#8221; color=&#8221;grey&#8221; align=&#8221;center&#8221;][vc_empty_space height=&#8221;40px&#8221;][\/vc_column][\/vc_row][vc_row][vc_column]<div class=\"dt-fancy-separator h2-size title-color\" style=\"width: 100%;\"><div class=\"dt-fancy-title\"><span class=\"separator-holder separator-left\"><\/span>Curso intensivo de larga duraci\u00f3n<span class=\"separator-holder separator-right\"><\/span><\/div><\/div>[vc_column_text]<\/p>\n<p style=\"text-align: center;\">1 O 2 SEMESTRES<\/p>\n<p>[\/vc_column_text][\/vc_column][\/vc_row][vc_row][vc_column][vc_column_text]Le proponemos un curso de 20 clases por semana durante todo un semestre para 1596 euros ( 300 clases por semestre).<\/p>\n<p>Se pueude empezar el en cualquier momento del a\u00f1o.<\/p>\n<p>Apertura de las inscripciones para 2022 el 1 de Junio 2021.<\/p>\n<p><strong>Curso est\u00e1ndar 20<\/strong><br \/>\n&#8211; m\u00e1ximo 8 estudiantes por clase<br \/>\n&#8211; 20 lecciones de 45 min de franc\u00e9s general por semanas<br \/>\n&#8211; para todos los niveles<br \/>\n&#8211; horario alterno<\/p>\n<p>[\/vc_column_text][\/vc_column][\/vc_row][vc_row][vc_column]<style type=\"text\/css\" data-type=\"the7_shortcodes-inline-css\">#default-btn-baf0f6c86dfea0a86a5f3a5f3e21b76b.ico-right-side > i {\n  margin-right: 0px;\n  margin-left: 8px;\n}\n#default-btn-baf0f6c86dfea0a86a5f3a5f3e21b76b > i {\n  margin-right: 8px;\n}\n<\/style><div class=\"btn-align-center\"><a href=\"https:\/\/www.a2b-immersions.com\/inscription-devis\/comment-sinscrire\/\" class=\"default-btn-shortcode dt-btn dt-btn-m link-hover-off \" id=\"default-btn-baf0f6c86dfea0a86a5f3a5f3e21b76b\"><i class=\"fa icon-pencil\"><\/i><span>Matricularse<\/span><\/a><\/div>[\/vc_column][\/vc_row]<\/p>\n","protected":false},"excerpt":{"rendered":"<p>[vc_row][vc_column][vc_column_text] DE 1 A 12 SEMANAS [\/vc_column_text][\/vc_column][\/vc_row][vc_row][vc_column width=&#8221;1\/2&#8243;][vc_column_text] Curso est\u00e1ndar 10 &#8211; m\u00e1ximo 8 estudiantes por clase &#8211; 10 lecciones de 45 min de franc\u00e9s general por semanas &#8211;\u00a0m\u00ednimo\u00a01 semana de curso &#8211; para todos los niveles &#8211; inicio de los cursos todos los lunes (excepto\u00a0los niveles debutante completo) 90 euros la semana. Curso est\u00e1ndar&hellip;<\/p>\n","protected":false},"author":2,"featured_media":0,"parent":2164,"menu_order":0,"comment_status":"closed","ping_status":"closed","template":"","meta":[],"_links":{"self":[{"href":"https:\/\/www.a2b-immersions.com\/es\/wp-json\/wp\/v2\/pages\/2183"}],"collection":[{"href":"https:\/\/www.a2b-immersions.com\/es\/wp-json\/wp\/v2\/pages"}],"about":[{"href":"https:\/\/www.a2b-immersions.com\/es\/wp-json\/wp\/v2\/types\/page"}],"author":[{"embeddable":true,"href":"https:\/\/www.a2b-immersions.com\/es\/wp-json\/wp\/v2\/users\/2"}],"replies":[{"embeddable":true,"href":"https:\/\/www.a2b-immersions.com\/es\/wp-json\/wp\/v2\/comments?post=2183"}],"version-history":[{"count":8,"href":"https:\/\/www.a2b-immersions.com\/es\/wp-json\/wp\/v2\/pages\/2183\/revisions"}],"predecessor-version":[{"id":2557,"href":"https:\/\/www.a2b-immersions.com\/es\/wp-json\/wp\/v2\/pages\/2183\/revisions\/2557"}],"up":[{"embeddable":true,"href":"https:\/\/www.a2b-immersions.com\/es\/wp-json\/wp\/v2\/pages\/2164"}],"wp:attachment":[{"href":"https:\/\/www.a2b-immersions.com\/es\/wp-json\/wp\/v2\/media?parent=2183"}],"curies":[{"name":"wp","href":"https:\/\/api.w.org\/{rel}","templated":true}]}}