{"id":2169,"date":"2018-02-16T17:03:56","date_gmt":"2018-02-16T16:03:56","guid":{"rendered":"https:\/\/www.a2b-immersions.com\/?page_id=2169"},"modified":"2018-09-21T20:59:55","modified_gmt":"2018-09-21T18:59:55","slug":"nuestro-concepto","status":"publish","type":"page","link":"https:\/\/www.a2b-immersions.com\/es\/presentation\/nuestro-concepto\/","title":{"rendered":"Nuestro Concepto"},"content":{"rendered":"<h4><em><strong>A2B Immersions : \u00a0el especialista en Montpellier de la ense\u00f1anza del franc\u00e9s, tanto para particulares como para empresas<\/strong><\/em><\/h4>\n<p><a class=\"cboxElement\" title=\"Programa de un d\u00eda de formaci\u00f3n\" href=\"http:\/\/www.a2b-immersions.com\/wp-content\/uploads\/2012\/02\/ProgramaUnDiaFormacion.png\" rel=\"lightbox[5]\"><img loading=\"lazy\" class=\"alignright size-full wp-image-657\" title=\"Programa de un d\u00eda de formaci\u00f3n\" src=\"http:\/\/www.a2b-immersions.com\/wp-content\/uploads\/2012\/02\/ProgramaUnDiaFormacion.png\" alt=\"\" width=\"300\" height=\"430\" \/><\/a>Con la apertura de las fronteras y la globalizaci\u00f3n de los intercambios, conocer idiomas, es esencial tanto en el \u00e1mbito profesional como en el cultural.<\/p>\n<p>Ahora bien, el franc\u00e9s es considerado como uno de los idiomas m\u00e1s \u00fatiles en Europa y en el mundo!<\/p>\n<p><strong>Por esta raz\u00f3n, A2B Immersions le da la oportunidad de aprender franc\u00e9s de manera r\u00e1pida y eficaz sumergi\u00e9ndose durante varios d\u00edas en la lengua francesa. Combine clase est\u00e1ndar y talleres pedag\u00f3gicos.<\/strong><\/p>\n","protected":false},"excerpt":{"rendered":"<p>A2B Immersions : \u00a0el especialista en Montpellier de la ense\u00f1anza del franc\u00e9s, tanto para particulares como para empresas Con la apertura de las fronteras y la globalizaci\u00f3n de los intercambios, conocer idiomas, es esencial tanto en el \u00e1mbito profesional como en el cultural. Ahora bien, el franc\u00e9s es considerado como uno de los idiomas m\u00e1s&hellip;<\/p>\n","protected":false},"author":2,"featured_media":0,"parent":2278,"menu_order":1,"comment_status":"closed","ping_status":"closed","template":"","meta":[],"_links":{"self":[{"href":"https:\/\/www.a2b-immersions.com\/es\/wp-json\/wp\/v2\/pages\/2169"}],"collection":[{"href":"https:\/\/www.a2b-immersions.com\/es\/wp-json\/wp\/v2\/pages"}],"about":[{"href":"https:\/\/www.a2b-immersions.com\/es\/wp-json\/wp\/v2\/types\/page"}],"author":[{"embeddable":true,"href":"https:\/\/www.a2b-immersions.com\/es\/wp-json\/wp\/v2\/users\/2"}],"replies":[{"embeddable":true,"href":"https:\/\/www.a2b-immersions.com\/es\/wp-json\/wp\/v2\/comments?post=2169"}],"version-history":[{"count":1,"href":"https:\/\/www.a2b-immersions.com\/es\/wp-json\/wp\/v2\/pages\/2169\/revisions"}],"predecessor-version":[{"id":2170,"href":"https:\/\/www.a2b-immersions.com\/es\/wp-json\/wp\/v2\/pages\/2169\/revisions\/2170"}],"up":[{"embeddable":true,"href":"https:\/\/www.a2b-immersions.com\/es\/wp-json\/wp\/v2\/pages\/2278"}],"wp:attachment":[{"href":"https:\/\/www.a2b-immersions.com\/es\/wp-json\/wp\/v2\/media?parent=2169"}],"curies":[{"name":"wp","href":"https:\/\/api.w.org\/{rel}","templated":true}]}}