{"id":1891,"date":"2018-02-05T12:02:21","date_gmt":"2018-02-05T11:02:21","guid":{"rendered":"https:\/\/www.a2b-immersions.com\/nouveausite\/contactar\/"},"modified":"2021-06-14T11:45:44","modified_gmt":"2021-06-14T09:45:44","slug":"contactar","status":"publish","type":"page","link":"https:\/\/www.a2b-immersions.com\/es\/contactar\/","title":{"rendered":"Contactar"},"content":{"rendered":"<p>[vc_row type=&#8221;vc_default&#8221; equal_height=&#8221;yes&#8221; content_placement=&#8221;middle&#8221;][vc_column width=&#8221;1\/2&#8243; css=&#8221;.vc_custom_1518791105131{border-right-width: 1px !important;padding-right: 30px !important;border-right-color: #a0a0a0 !important;border-right-style: dotted !important;}&#8221;][vc_column_text]<\/p>\n<p style=\"text-align: right;\"><strong>Escuela de Montpellier (centro)<\/strong>: 4 bis rue Rondelet<br \/>\n34 000 Montpellier<\/p>\n<p style=\"text-align: right;\"><strong>Recepci\u00f3n<\/strong>: lunes y viernes de 18h00 a 20h00<br \/>\nmiercoles y sabados de 10h00 a 12h30<\/p>\n<p style=\"text-align: right;\"><strong>Atenci\u00f3n telef\u00f3nica de lunes a viernes de 9.00 a 18.00h<\/strong><br \/>\nT\u00e9l. : +33 (0)6 58 38 54 28<br \/>\nFax : +33 (0)4 67 20 40 20<\/p>\n<p style=\"text-align: right;\"><strong>Oficina<\/strong>:10, Parc Club du Mill\u00e9naire<br \/>\n1025, avenue Henri Becquerel<br \/>\n34 000 Montpellier \u2013 France<\/p>\n<p>[\/vc_column_text][\/vc_column][vc_column width=&#8221;1\/2&#8243; css=&#8221;.vc_custom_1518791114713{padding-left: 30px !important;}&#8221;][vc_column_text]<strong><img loading=\"lazy\" class=\"alignleft size-full wp-image-1797\" src=\"https:\/\/www.a2b-immersions.com\/wp-content\/uploads\/2018\/02\/annebocquet.jpg\" alt=\"Anne Bocquet\" width=\"54\" height=\"63\" \/>Anne Bocquet<\/strong><br \/>\nResponsable Pedag\u00f3gica<br \/>\n<a href=\"mailto:anne.bocquet@a2b-immersions.com\">anne.bocquet@a2b-immersions.com<\/a>[\/vc_column_text][\/vc_column][\/vc_row][vc_row][vc_column][vc_column_text]<\/p>\n<h2>Nuestros socios<\/h2>\n<p><a style=\"text-decoration: none;\" title=\"Languedoc Nature\" href=\"http:\/\/www.languedoc-nature.com\/\" target=\"_blank\" rel=\"noopener\"><img loading=\"lazy\" class=\"alignleft size-full wp-image-740\" title=\"Languedoc Nature\" src=\"http:\/\/www.a2b-immersions.com\/wp-content\/uploads\/2012\/02\/logo_languedoc-nature1.jpg\" alt=\"\" width=\"207\" height=\"72\" \/><\/a><\/p>\n<p><img loading=\"lazy\" class=\"alignnone size-full wp-image-239\" title=\"Agence de promotion du FLE\" src=\"http:\/\/www.a2b-immersions.com\/wp-content\/uploads\/2012\/02\/FLE_logopetit2.png\" alt=\"Agence de promotion du FLE\" width=\"200\" height=\"66\" \/><\/p>\n<h2>Enlaces \u00fatiles<\/h2>\n<p><a style=\"text-decoration: none;\" href=\"http:\/\/www.herault-tourisme.com\/\"><img loading=\"lazy\" class=\"alignnone wp-image-747 size-medium\" title=\"Agence de D\u00e9veloppement Touristique de l'H\u00e9rault\" src=\"http:\/\/www.a2b-immersions.com\/wp-content\/uploads\/2012\/02\/Logo-ADT-300x214.jpg\" alt=\"\" width=\"101\" height=\"72\" \/><\/a> <img loading=\"lazy\" class=\"size-full wp-image-749 alignnone\" title=\"Fond Social Europ\u00e9en\" src=\"http:\/\/www.a2b-immersions.com\/wp-content\/uploads\/2012\/02\/Logo-FSE.jpg\" alt=\"\" width=\"150\" height=\"106\" \/> <img loading=\"lazy\" class=\"size-full wp-image-745 alignnone\" title=\"Office de Tourisme de Montpellier\" src=\"http:\/\/www.a2b-immersions.com\/wp-content\/uploads\/2012\/02\/Logo-OT.jpeg\" alt=\"\" width=\"180\" height=\"50\" \/> <img loading=\"lazy\" class=\"size-medium wp-image-770 alignnone\" title=\"TV5 Monde\" src=\"http:\/\/www.a2b-immersions.com\/wp-content\/uploads\/2012\/02\/Logo-TV5-Monde-300x101.jpg\" alt=\"\" width=\"162\" height=\"55\" \/> <img loading=\"lazy\" class=\"size-medium wp-image-763 alignnone\" style=\"line-height: 24px;\" title=\"RFI\" src=\"http:\/\/www.a2b-immersions.com\/wp-content\/uploads\/2012\/02\/Logo-RFI-297x300.gif\" alt=\"\" width=\"86\" height=\"87\" \/>[\/vc_column_text][\/vc_column][\/vc_row]<\/p>\n","protected":false},"excerpt":{"rendered":"<p>[vc_row type=&#8221;vc_default&#8221; equal_height=&#8221;yes&#8221; content_placement=&#8221;middle&#8221;][vc_column width=&#8221;1\/2&#8243; css=&#8221;.vc_custom_1518791105131{border-right-width: 1px !important;padding-right: 30px !important;border-right-color: #a0a0a0 !important;border-right-style: dotted !important;}&#8221;][vc_column_text] Escuela de Montpellier (centro): 4 bis rue Rondelet 34 000 Montpellier Recepci\u00f3n: lunes y viernes de 18h00 a 20h00 miercoles y sabados de 10h00 a 12h30 Atenci\u00f3n telef\u00f3nica de lunes a viernes de 9.00 a 18.00h T\u00e9l. : +33 (0)6 58&hellip;<\/p>\n","protected":false},"author":1,"featured_media":0,"parent":0,"menu_order":10,"comment_status":"closed","ping_status":"closed","template":"","meta":[],"_links":{"self":[{"href":"https:\/\/www.a2b-immersions.com\/es\/wp-json\/wp\/v2\/pages\/1891"}],"collection":[{"href":"https:\/\/www.a2b-immersions.com\/es\/wp-json\/wp\/v2\/pages"}],"about":[{"href":"https:\/\/www.a2b-immersions.com\/es\/wp-json\/wp\/v2\/types\/page"}],"author":[{"embeddable":true,"href":"https:\/\/www.a2b-immersions.com\/es\/wp-json\/wp\/v2\/users\/1"}],"replies":[{"embeddable":true,"href":"https:\/\/www.a2b-immersions.com\/es\/wp-json\/wp\/v2\/comments?post=1891"}],"version-history":[{"count":9,"href":"https:\/\/www.a2b-immersions.com\/es\/wp-json\/wp\/v2\/pages\/1891\/revisions"}],"predecessor-version":[{"id":2562,"href":"https:\/\/www.a2b-immersions.com\/es\/wp-json\/wp\/v2\/pages\/1891\/revisions\/2562"}],"wp:attachment":[{"href":"https:\/\/www.a2b-immersions.com\/es\/wp-json\/wp\/v2\/media?parent=1891"}],"curies":[{"name":"wp","href":"https:\/\/api.w.org\/{rel}","templated":true}]}}