{"id":1877,"date":"2018-02-16T10:13:19","date_gmt":"2018-02-16T09:13:19","guid":{"rendered":"https:\/\/www.a2b-immersions.com\/nouveausite\/formulario-para-la-matricula\/"},"modified":"2018-08-29T08:11:38","modified_gmt":"2018-08-29T06:11:38","slug":"formulario-para-la-matricula","status":"publish","type":"page","link":"https:\/\/www.a2b-immersions.com\/es\/presupuesto-matricula\/formulario-para-la-matricula\/","title":{"rendered":"Formulario para la matricula"},"content":{"rendered":"<p>Los formularios de inscripci\u00f3n <a title=\"Formulario para la matricula\" href=\"https:\/\/www.a2b-immersions.com\/wp-content\/uploads\/2018\/02\/FicheInscription_ES.pdf\" target=\"_blank\" rel=\"noopener\">pueden bajarse en formato PDF<\/a>, y est\u00e1n destinados tanto a particulares como a empresas.<br \/>\nCon el fin de simplificar los tr\u00e1mites le recomandamos pedirnos primero un presupesto.<\/p>\n<ul>\n<li>Una vez aceptado el presupuesto, env\u00edenos por mail el formulario de inscripci\u00f3n debidamente cumplimentado a\u00a0: <a href=\"mailto:info@a2b-immersions.com\">info@a2b-immersions.com<br \/>\n<\/a><\/li>\n<li>Por fax : +33 (0)4 67 20 40 20<\/li>\n<li>O por correo a la siguiente direcci\u00f3n :<\/li>\n<\/ul>\n<p style=\"text-align: center;\"><strong>A2B Immersions<\/strong><br \/>\n10, Parc Club du Mill\u00e9naire<br \/>\n1025, avenue Henri Becquerel<br \/>\n34 000 Montpellier \u2013 France<\/p>\n","protected":false},"excerpt":{"rendered":"<p>Los formularios de inscripci\u00f3n pueden bajarse en formato PDF, y est\u00e1n destinados tanto a particulares como a empresas. Con el fin de simplificar los tr\u00e1mites le recomandamos pedirnos primero un presupesto. Una vez aceptado el presupuesto, env\u00edenos por mail el formulario de inscripci\u00f3n debidamente cumplimentado a\u00a0: info@a2b-immersions.com Por fax : +33 (0)4 67 20 40&hellip;<\/p>\n","protected":false},"author":1,"featured_media":0,"parent":1878,"menu_order":1,"comment_status":"closed","ping_status":"closed","template":"","meta":[],"_links":{"self":[{"href":"https:\/\/www.a2b-immersions.com\/es\/wp-json\/wp\/v2\/pages\/1877"}],"collection":[{"href":"https:\/\/www.a2b-immersions.com\/es\/wp-json\/wp\/v2\/pages"}],"about":[{"href":"https:\/\/www.a2b-immersions.com\/es\/wp-json\/wp\/v2\/types\/page"}],"author":[{"embeddable":true,"href":"https:\/\/www.a2b-immersions.com\/es\/wp-json\/wp\/v2\/users\/1"}],"replies":[{"embeddable":true,"href":"https:\/\/www.a2b-immersions.com\/es\/wp-json\/wp\/v2\/comments?post=1877"}],"version-history":[{"count":2,"href":"https:\/\/www.a2b-immersions.com\/es\/wp-json\/wp\/v2\/pages\/1877\/revisions"}],"predecessor-version":[{"id":2112,"href":"https:\/\/www.a2b-immersions.com\/es\/wp-json\/wp\/v2\/pages\/1877\/revisions\/2112"}],"up":[{"embeddable":true,"href":"https:\/\/www.a2b-immersions.com\/es\/wp-json\/wp\/v2\/pages\/1878"}],"wp:attachment":[{"href":"https:\/\/www.a2b-immersions.com\/es\/wp-json\/wp\/v2\/media?parent=1877"}],"curies":[{"name":"wp","href":"https:\/\/api.w.org\/{rel}","templated":true}]}}