{"id":2242,"date":"2018-02-16T16:32:00","date_gmt":"2018-02-16T15:32:00","guid":{"rendered":"https:\/\/www.a2b-immersions.com\/lequipe\/"},"modified":"2018-09-24T17:19:40","modified_gmt":"2018-09-24T15:19:40","slug":"lequipe","status":"publish","type":"page","link":"https:\/\/www.a2b-immersions.com\/en\/presentation\/lequipe\/","title":{"rendered":"Our team"},"content":{"rendered":"<h4>The Manager<\/h4>\n<div id=\"attachment_1435\" class=\"wp-caption alignleft\">\n<p>Anne opened A2B Immersions school in May of 2012. For 10 years she has taught in several prestigious schools in Europe and in Latin America. She obtained a Master degree in French as a Foreign Language in Paul Valery University in Montpellier and she decided to open a school that would be like her. A2B Immersions is a familiar school where genuine relationships can grow between pupils and the teaching staff. Excellence of trainers and trainings they provide is her priority.<\/p>\n<p class=\"wp-caption-text\">Anne Bocquet<\/p>\n<\/div>\n<p>Anne opened A2B Immersions school in May of 2012. For 10 years she has taught in several prestigious schools in Europe and in Latin America. She obtained a Master degree in French as a Foreign Language in Paul Valery University in Montpellier and she decided to open a school that would be like her. A2B Immersions is a familiar school where genuine relationships can grow between pupils and the teaching staff. Excellence of trainers and trainings they provide is her priority..<\/p>\n<h4>The Teaching team<\/h4>\n<div id=\"attachment_1427\" class=\"wp-caption alignleft\">\n<p><a class=\"cboxElement\" title=\"Jean-Philippe\" href=\"http:\/\/www.a2b-immersions.com\/wp-content\/uploads\/2014\/05\/1053_40813716639_6956_n.jpg\" rel=\"lightbox[1418]\"><img loading=\"lazy\" class=\"size-thumbnail wp-image-1427\" title=\"Jean-Philippe\" src=\"http:\/\/www.a2b-immersions.com\/wp-content\/uploads\/2014\/05\/1053_40813716639_6956_n-150x150.jpg\" alt=\"\" width=\"150\" height=\"150\" \/><\/a><\/p>\n<p class=\"wp-caption-text\">Jean-Philippe Dersoir<\/p>\n<\/div>\n<p>Jean-Philippe has been teaching French for over 10 years. He graduated in three Masters in Languages, in French as a Foreign Language and in Artistic Direction of Cultural Project. He knows how to capture the attention of his students and his international career makes him truly popular.<\/p>\n<p>&nbsp;<\/p>\n<p>&nbsp;<\/p>\n<p>&nbsp;<\/p>\n<p>&nbsp;<\/p>\n<p>&nbsp;<\/p>\n<p>&nbsp;<\/p>\n<div id=\"attachment_1428\" class=\"wp-caption alignleft\">\n<p><a class=\"cboxElement\" title=\"Laure\" href=\"http:\/\/www.a2b-immersions.com\/wp-content\/uploads\/2014\/05\/558152_10150683184365816_1275099706_n.jpg\" rel=\"lightbox[1418]\"><img loading=\"lazy\" class=\"size-thumbnail wp-image-1428\" title=\"Laure\" src=\"http:\/\/www.a2b-immersions.com\/wp-content\/uploads\/2014\/05\/558152_10150683184365816_1275099706_n-150x150.jpg\" alt=\"\" width=\"150\" height=\"150\" \/><\/a><\/p>\n<p class=\"wp-caption-text\">Laure Chambon<\/p>\n<\/div>\n<p>Graduate of a French as a Foreign Language at Sorbonne University in Paris, Laure taught in a lot of French schools, especially the Alliance Fran\u00e7aise of Paris. At the same time teacher, trainer and coordinator, she has a complete view of French teaching and works at A2B Immersions since its creation..<\/p>\n<p>&nbsp;<\/p>\n<p>&nbsp;<\/p>\n<p>&nbsp;<\/p>\n<div class=\"wp-caption alignleft\">\n<p><a class=\"cboxElement\" title=\"C\u00e9cile\" href=\"http:\/\/www.a2b-immersions.com\/wp-content\/uploads\/2014\/05\/Sans-titre.png\" rel=\"lightbox[1418]\"><img loading=\"lazy\" title=\"C\u00e9cile\" src=\"http:\/\/www.a2b-immersions.com\/wp-content\/uploads\/2014\/05\/Sans-titre-150x150.png\" alt=\"\" width=\"150\" height=\"150\" \/><\/a><\/p>\n<p class=\"wp-caption-text\">C\u00e9cile Henriel<\/p>\n<\/div>\n<p>C\u00e9cile lived in several countries such as Turkey, the United States, Thailand and Spain. She is an expert in interculturality and has a 20 years teaching experience. She is a referee.<\/p>\n<p>&nbsp;<\/p>\n<p>&nbsp;<\/p>\n<p>&nbsp;<\/p>\n<p>&nbsp;<\/p>\n<p>&nbsp;<\/p>\n<p>&nbsp;<\/p>\n<p>&nbsp;<\/p>\n<div id=\"attachment_1435\" class=\"wp-caption alignleft\">\n<p><a class=\"cboxElement\" title=\"Anne\" href=\"http:\/\/www.a2b-immersions.com\/wp-content\/uploads\/2014\/05\/374364_10150549159888228_1808941443_n1-e1401265434560.jpg\" rel=\"lightbox[1418]\"><img loading=\"lazy\" class=\"size-thumbnail wp-image-1435\" title=\"Anne\" src=\"http:\/\/www.a2b-immersions.com\/wp-content\/uploads\/2014\/05\/374364_10150549159888228_1808941443_n1-e1401265434560-150x150.jpg\" alt=\"\" width=\"150\" height=\"150\" \/><\/a><\/p>\n<p class=\"wp-caption-text\">Anne Bocquet<\/p>\n<\/div>\n<p>Anne est sp\u00e9cialis\u00e9e dans l\u2019enseignement du fran\u00e7ais langue \u00e9trang\u00e8re en immersion. Elle a travaill\u00e9 aupr\u00e8s de nombreux publics, notamment professionnels et \u00e9tudiants. Elle met l\u2019accent sur la communication et sur le partage.<\/p>\n","protected":false},"excerpt":{"rendered":"<p>The Manager Anne opened A2B Immersions school in May of 2012. For 10 years she has taught in several prestigious schools in Europe and in Latin America. She obtained a Master degree in French as a Foreign Language in Paul Valery University in Montpellier and she decided to open a school that would be like&hellip;<\/p>\n","protected":false},"author":1,"featured_media":0,"parent":2268,"menu_order":2,"comment_status":"closed","ping_status":"closed","template":"template-team.php","meta":[],"_links":{"self":[{"href":"https:\/\/www.a2b-immersions.com\/en\/wp-json\/wp\/v2\/pages\/2242"}],"collection":[{"href":"https:\/\/www.a2b-immersions.com\/en\/wp-json\/wp\/v2\/pages"}],"about":[{"href":"https:\/\/www.a2b-immersions.com\/en\/wp-json\/wp\/v2\/types\/page"}],"author":[{"embeddable":true,"href":"https:\/\/www.a2b-immersions.com\/en\/wp-json\/wp\/v2\/users\/1"}],"replies":[{"embeddable":true,"href":"https:\/\/www.a2b-immersions.com\/en\/wp-json\/wp\/v2\/comments?post=2242"}],"version-history":[{"count":4,"href":"https:\/\/www.a2b-immersions.com\/en\/wp-json\/wp\/v2\/pages\/2242\/revisions"}],"predecessor-version":[{"id":2367,"href":"https:\/\/www.a2b-immersions.com\/en\/wp-json\/wp\/v2\/pages\/2242\/revisions\/2367"}],"up":[{"embeddable":true,"href":"https:\/\/www.a2b-immersions.com\/en\/wp-json\/wp\/v2\/pages\/2268"}],"wp:attachment":[{"href":"https:\/\/www.a2b-immersions.com\/en\/wp-json\/wp\/v2\/media?parent=2242"}],"curies":[{"name":"wp","href":"https:\/\/api.w.org\/{rel}","templated":true}]}}