{"id":2096,"date":"2018-07-09T15:32:23","date_gmt":"2018-07-09T13:32:23","guid":{"rendered":"https:\/\/www.a2b-immersions.com\/nouveausite\/mentions-legales\/"},"modified":"2018-09-21T21:25:39","modified_gmt":"2018-09-21T19:25:39","slug":"mentions-legales","status":"publish","type":"page","link":"https:\/\/www.a2b-immersions.com\/en\/mentions-legales\/","title":{"rendered":"Legal mentions"},"content":{"rendered":"<h3>\u00c9diteur du site<\/h3>\n<p><strong>A2B Immersions<br \/>\n<\/strong>N\u00b0 SIRET : 751 332 537 R.C.S. MONTPELLIER<br \/>\nS.A.R.L. au capital de 2000 \u20ac<\/p>\n<p>10, Parc Club du Mill\u00e9naire<br \/>\n1025, avenue Henri Becquerel<br \/>\n34 000 Montpellier \u2013 France<\/p>\n<p><strong>Permanence t\u00e9l\u00e9phonique de 9h \u00e0 18h (heure locale)<\/strong><br \/>\nT\u00e9l. : +33 (0)6 58 38 54 28<br \/>\nFax : +33 (0)4 67 20 40 20<\/p>\n<h3>Conception &amp; R\u00e9alisation<\/h3>\n<p><strong>mayelle : graphiste<\/strong><br \/>\nT\u00e9l. : 06 30 49 91 78<br \/>\nEmail : contact@mayelle-graphiste.com<br \/>\nSite :\u00a0<a title=\"Cr\u00e9ation de site Internet \u00e0 Montpellier\" href=\"http:\/\/www.mayelle-graphiste.com\/\" target=\"_blank\" rel=\"noopener\">www.mayelle-graphiste.com<\/a><\/p>\n<h3>H\u00e9bergement<\/h3>\n<p><strong>SAS OVH<\/strong><br \/>\n2 rue Kellermann<br \/>\nBP 80157<br \/>\n59100 Roubaix<br \/>\nSite :\u00a0<a href=\"http:\/\/www.ovh.com\/\" target=\"_blank\" rel=\"noopener\">www.<span class=\"il\">ovh<\/span>.com<\/a><\/p>\n<h3>Propri\u00e9t\u00e9 intellectuelle<\/h3>\n<p>La charte graphique et les contenus du site sont prot\u00e9g\u00e9s par la l\u00e9gislation relative \u00e0 la propri\u00e9t\u00e9 intellectuelle actuellement en vigueur en France, et ce pour le monde entier.<\/p>\n<p>A ce titre, et conform\u00e9ment aux dispositions du Code de la Propri\u00e9t\u00e9 Intellectuelle, seule l\u2019utilisation de ces \u00e9l\u00e9ments pour un usage priv\u00e9 est autoris\u00e9e.<\/p>\n<p>En cons\u00e9quence, toute repr\u00e9sentation, reproduction, modification ou, de mani\u00e8re plus g\u00e9n\u00e9rale, exploitation de la charte graphique ou des contenus du pr\u00e9sent site sans autorisation expresse et pr\u00e9alable de \u00ab\u00a0A2B Immersions\u00a0\u00bb est interdite.<\/p>\n<p>Toute exploitation non autoris\u00e9e de ces \u00e9l\u00e9ments est constitutive d\u2019acte de contrefa\u00e7on de droit d\u2019auteur et\/ou droit des signes distinctifs et engage la responsabilit\u00e9 p\u00e9nale et civile du contrevenant.<\/p>\n<h3>D\u00e9finitions<\/h3>\n<ul>\n<li>Charte Graphique :\u00a0d\u00e9signe les cr\u00e9ations relatives \u00e0 la structure g\u00e9n\u00e9rale du Site, notamment les marques, les logos et les graphismes.<\/li>\n<li>Contenus :\u00a0d\u00e9signe les noms de domaine, les photographies, les animations, les textes, les descriptifs de vente, les \u00e9l\u00e9ments visuels et\/ou sonores et les mod\u00e8les de produits.<\/li>\n<li>Site :\u00a0d\u00e9signe le site web de \u00ab\u00a0A2B Immersions\u00a0\u00bb accessible notamment \u00e0 l\u2019adresse www.a2b-immersions.com<\/li>\n<\/ul>\n","protected":false},"excerpt":{"rendered":"<p>\u00c9diteur du site A2B Immersions N\u00b0 SIRET : 751 332 537 R.C.S. MONTPELLIER S.A.R.L. au capital de 2000 \u20ac 10, Parc Club du Mill\u00e9naire 1025, avenue Henri Becquerel 34 000 Montpellier \u2013 France Permanence t\u00e9l\u00e9phonique de 9h \u00e0 18h (heure locale) T\u00e9l. : +33 (0)6 58 38 54 28 Fax : +33 (0)4 67 20&hellip;<\/p>\n","protected":false},"author":1,"featured_media":0,"parent":0,"menu_order":100,"comment_status":"closed","ping_status":"closed","template":"","meta":[],"_links":{"self":[{"href":"https:\/\/www.a2b-immersions.com\/en\/wp-json\/wp\/v2\/pages\/2096"}],"collection":[{"href":"https:\/\/www.a2b-immersions.com\/en\/wp-json\/wp\/v2\/pages"}],"about":[{"href":"https:\/\/www.a2b-immersions.com\/en\/wp-json\/wp\/v2\/types\/page"}],"author":[{"embeddable":true,"href":"https:\/\/www.a2b-immersions.com\/en\/wp-json\/wp\/v2\/users\/1"}],"replies":[{"embeddable":true,"href":"https:\/\/www.a2b-immersions.com\/en\/wp-json\/wp\/v2\/comments?post=2096"}],"version-history":[{"count":2,"href":"https:\/\/www.a2b-immersions.com\/en\/wp-json\/wp\/v2\/pages\/2096\/revisions"}],"predecessor-version":[{"id":2334,"href":"https:\/\/www.a2b-immersions.com\/en\/wp-json\/wp\/v2\/pages\/2096\/revisions\/2334"}],"wp:attachment":[{"href":"https:\/\/www.a2b-immersions.com\/en\/wp-json\/wp\/v2\/media?parent=2096"}],"curies":[{"name":"wp","href":"https:\/\/api.w.org\/{rel}","templated":true}]}}